{"id":153,"date":"2025-10-09T21:13:24","date_gmt":"2025-10-09T19:13:24","guid":{"rendered":"https:\/\/www.beatlerch.ch\/?page_id=153"},"modified":"2026-01-01T11:33:54","modified_gmt":"2026-01-01T10:33:54","slug":"angebot","status":"publish","type":"page","link":"https:\/\/www.beatlerch.ch\/?page_id=153","title":{"rendered":"Angebot"},"content":{"rendered":"\n<div class=\"wp-block-group is-style-default has-global-padding is-layout-constrained wp-container-core-group-is-layout-a4e526f7 wp-block-group-is-layout-constrained\" style=\"padding-top:0;padding-bottom:0\">\n<h2 class=\"wp-block-heading has-xx-large-font-size\">Angebot<\/h2>\n\n\n\n<div style=\"height:25px\" aria-hidden=\"true\" class=\"wp-block-spacer\"><\/div>\n\n\n\n<div class=\"wp-block-group has-global-padding is-layout-constrained wp-block-group-is-layout-constrained\">\n<h4 class=\"wp-block-heading has-medium-font-size\">Massnahmen der Abkl\u00e4rung Beratung und Koordination<\/h4>\n\n\n\n<p class=\"is-style-text-display has-small-font-size is-style-text-display--1\" style=\"padding-top:0;padding-bottom:0\">Ich kl\u00e4re den individuellen Pflegebedarf ab, berate im Umgang mit psychischen und k\u00f6rperlichen Erkrankungen und koordiniere die Zusammenarbeit mit \u00c4rzten, Angeh\u00f6rigen und weiteren Fachstellen.<\/p>\n<\/div>\n\n\n\n<div class=\"wp-block-group has-global-padding is-layout-constrained wp-block-group-is-layout-constrained\">\n<h4 class=\"wp-block-heading has-medium-font-size\"><strong>Massnahmen der Untersuchung und Behandlung<\/strong><\/h4>\n\n\n\n<p class=\"is-style-text-display has-small-font-size is-style-text-display--2\">Ich begleite Menschen mit psychischen und somatischen Erkrankungen im therapeutischen Prozess, beobachte Ver\u00e4nderungen des Zustands, unterst\u00fctze im Umgang mit Medikamenten und f\u00f6rdere Stabilit\u00e4t, Sicherheit und Eigenverantwortung im Alltag.<\/p>\n<\/div>\n\n\n\n<div class=\"wp-block-group has-global-padding is-layout-constrained wp-block-group-is-layout-constrained\">\n<h4 class=\"wp-block-heading has-medium-font-size\"><strong>Massnahmen der Grundpflege<\/strong><\/h4>\n\n\n\n<p class=\"is-style-text-display has-small-font-size is-style-text-display--3\">Ich unterst\u00fctze bei der K\u00f6rperpflege, Mobilit\u00e4t und Ern\u00e4hrung, achte auf den Erhalt von Selbstst\u00e4ndigkeit und setze pflegerische Massnahmen ein, die sowohl k\u00f6rperliches als auch seelisches Wohlbefinden, Autonomie und Selbstf\u00fcrsorge f\u00f6rdern.<\/p>\n<\/div>\n<\/div>\n","protected":false},"excerpt":{"rendered":"<p>Angebot Massnahmen der Abkl\u00e4rung Beratung und Koordination Ich kl\u00e4re den individuellen Pflegebedarf ab, berate im Umgang mit psychischen und k\u00f6rperlichen Erkrankungen und koordiniere die Zusammenarbeit mit \u00c4rzten, Angeh\u00f6rigen und weiteren Fachstellen. Massnahmen der Untersuchung und Behandlung Ich begleite Menschen mit psychischen und somatischen Erkrankungen im therapeutischen Prozess, beobachte Ver\u00e4nderungen des Zustands, unterst\u00fctze im Umgang mit [&hellip;]<\/p>\n","protected":false},"author":1,"featured_media":0,"parent":0,"menu_order":0,"comment_status":"closed","ping_status":"closed","template":"","meta":{"footnotes":""},"class_list":["post-153","page","type-page","status-publish","hentry"],"_links":{"self":[{"href":"https:\/\/www.beatlerch.ch\/index.php?rest_route=\/wp\/v2\/pages\/153","targetHints":{"allow":["GET"]}}],"collection":[{"href":"https:\/\/www.beatlerch.ch\/index.php?rest_route=\/wp\/v2\/pages"}],"about":[{"href":"https:\/\/www.beatlerch.ch\/index.php?rest_route=\/wp\/v2\/types\/page"}],"author":[{"embeddable":true,"href":"https:\/\/www.beatlerch.ch\/index.php?rest_route=\/wp\/v2\/users\/1"}],"replies":[{"embeddable":true,"href":"https:\/\/www.beatlerch.ch\/index.php?rest_route=%2Fwp%2Fv2%2Fcomments&post=153"}],"version-history":[{"count":42,"href":"https:\/\/www.beatlerch.ch\/index.php?rest_route=\/wp\/v2\/pages\/153\/revisions"}],"predecessor-version":[{"id":725,"href":"https:\/\/www.beatlerch.ch\/index.php?rest_route=\/wp\/v2\/pages\/153\/revisions\/725"}],"wp:attachment":[{"href":"https:\/\/www.beatlerch.ch\/index.php?rest_route=%2Fwp%2Fv2%2Fmedia&parent=153"}],"curies":[{"name":"wp","href":"https:\/\/api.w.org\/{rel}","templated":true}]}}