{"id":372,"date":"2025-11-18T20:02:53","date_gmt":"2025-11-18T19:02:53","guid":{"rendered":"https:\/\/www.beatlerch.ch\/?page_id=372"},"modified":"2025-11-21T22:08:40","modified_gmt":"2025-11-21T21:08:40","slug":"tarife-preise","status":"publish","type":"page","link":"https:\/\/www.beatlerch.ch\/?page_id=372","title":{"rendered":"Tarife und Kosten"},"content":{"rendered":"\n<div class=\"wp-block-group is-style-default has-global-padding is-layout-constrained wp-container-core-group-is-layout-da769549 wp-block-group-is-layout-constrained\" style=\"border-style:none;border-width:0px;padding-top:16px;padding-right:0px;padding-bottom:16px;padding-left:0px\">\n<h2 class=\"wp-block-heading has-xx-large-font-size\">Tarife und Kosten<\/h2>\n\n\n\n<div style=\"height:18px\" aria-hidden=\"true\" class=\"wp-block-spacer\"><\/div>\n\n\n\n<div class=\"wp-block-group has-global-padding is-layout-constrained wp-block-group-is-layout-constrained\" style=\"padding-top:var(--wp--preset--spacing--20);padding-bottom:var(--wp--preset--spacing--20)\">\n<h4 class=\"wp-block-heading has-medium-font-size\" style=\"letter-spacing:2px;line-height:1.5\">Kosten\u00fcbernahme durch die Krankenkasse<\/h4>\n\n\n\n<p class=\"has-small-font-size\">Ich verrechne meine Pflegeleistungen nach den gesetzlichen Vorgaben der KLV (Art. 7 &amp; 7a) und den kantonalen Bestimmungen des Kantons Bern.<br>Die Krankenkasse \u00fcbernimmt die Kosten, sofern eine \u00e4rztliche Verordnung vorliegt.<\/p>\n<\/div>\n\n\n\n<div class=\"wp-block-group has-global-padding is-layout-constrained wp-block-group-is-layout-constrained\" style=\"padding-top:var(--wp--preset--spacing--30);padding-bottom:var(--wp--preset--spacing--30)\">\n<h4 class=\"wp-block-heading has-medium-font-size\" style=\"letter-spacing:2px\">Kostenbeteiligung<\/h4>\n\n\n\n<p class=\"has-small-font-size\">Sie beteiligen sich an den Kosten \u00fcber Franchise und Selbstbehalt Ihrer Grundversicherung.<\/p>\n\n\n\n<p class=\"has-small-font-size\">F\u00fcr Personen ab 65 Jahre gilt bei ambulanten Pflegeleistungen eine gesetzliche Patientenbeteiligung von maximal CHF 15.35 pro Tag.<\/p>\n<\/div>\n\n\n\n<div class=\"wp-block-group has-global-padding is-layout-constrained wp-block-group-is-layout-constrained\" style=\"padding-top:var(--wp--preset--spacing--20);padding-bottom:var(--wp--preset--spacing--20)\">\n<figure class=\"wp-block-table is-style-regular has-small-font-size\" style=\"padding-top:var(--wp--preset--spacing--20);padding-right:0;padding-bottom:var(--wp--preset--spacing--20);padding-left:0\"><table style=\"border-style:none;border-width:0px\"><thead><tr><th class=\"has-text-align-left\" data-align=\"left\">Pflegeleistungen<\/th><th class=\"has-text-align-center\" data-align=\"center\"><\/th><\/tr><\/thead><tbody><tr><td class=\"has-text-align-left\" data-align=\"left\">Massnahme der Abkl\u00e4rung, Beratung und Koordination <\/td><td class=\"has-text-align-center\" data-align=\"center\">76.90 .-<\/td><\/tr><tr><td class=\"has-text-align-left\" data-align=\"left\">Massnahmen der Untersuchung und Behandlung <\/td><td class=\"has-text-align-center\" data-align=\"center\">63.00.- <\/td><\/tr><tr><td class=\"has-text-align-left\" data-align=\"left\">Massnahmen der Grundpflege <\/td><td class=\"has-text-align-center\" data-align=\"center\">52.60.- <\/td><\/tr><\/tbody><\/table><\/figure>\n<\/div>\n<\/div>\n\n\n\n<p><\/p>\n","protected":false},"excerpt":{"rendered":"<p>Tarife und Kosten Kosten\u00fcbernahme durch die Krankenkasse Ich verrechne meine Pflegeleistungen nach den gesetzlichen Vorgaben der KLV (Art. 7 &amp; 7a) und den kantonalen Bestimmungen des Kantons Bern.Die Krankenkasse \u00fcbernimmt die Kosten, sofern eine \u00e4rztliche Verordnung vorliegt. Kostenbeteiligung Sie beteiligen sich an den Kosten \u00fcber Franchise und Selbstbehalt Ihrer Grundversicherung. F\u00fcr Personen ab 65 Jahre [&hellip;]<\/p>\n","protected":false},"author":1,"featured_media":0,"parent":0,"menu_order":0,"comment_status":"closed","ping_status":"closed","template":"","meta":{"footnotes":""},"class_list":["post-372","page","type-page","status-publish","hentry"],"_links":{"self":[{"href":"https:\/\/www.beatlerch.ch\/index.php?rest_route=\/wp\/v2\/pages\/372","targetHints":{"allow":["GET"]}}],"collection":[{"href":"https:\/\/www.beatlerch.ch\/index.php?rest_route=\/wp\/v2\/pages"}],"about":[{"href":"https:\/\/www.beatlerch.ch\/index.php?rest_route=\/wp\/v2\/types\/page"}],"author":[{"embeddable":true,"href":"https:\/\/www.beatlerch.ch\/index.php?rest_route=\/wp\/v2\/users\/1"}],"replies":[{"embeddable":true,"href":"https:\/\/www.beatlerch.ch\/index.php?rest_route=%2Fwp%2Fv2%2Fcomments&post=372"}],"version-history":[{"count":29,"href":"https:\/\/www.beatlerch.ch\/index.php?rest_route=\/wp\/v2\/pages\/372\/revisions"}],"predecessor-version":[{"id":687,"href":"https:\/\/www.beatlerch.ch\/index.php?rest_route=\/wp\/v2\/pages\/372\/revisions\/687"}],"wp:attachment":[{"href":"https:\/\/www.beatlerch.ch\/index.php?rest_route=%2Fwp%2Fv2%2Fmedia&parent=372"}],"curies":[{"name":"wp","href":"https:\/\/api.w.org\/{rel}","templated":true}]}}